{"id":2,"date":"2025-06-13T10:02:18","date_gmt":"2025-06-13T08:02:18","guid":{"rendered":"http:\/\/cftc-ads.fr\/?page_id=2"},"modified":"2025-06-30T16:48:12","modified_gmt":"2025-06-30T14:48:12","slug":"page-d-exemple","status":"publish","type":"page","link":"https:\/\/cftc-ads.fr\/?page_id=2","title":{"rendered":"Qui sommes-nous ?"},"content":{"rendered":"\n<p>La CFTC est un syndicat de dialogue, c&rsquo;est est un outil privil\u00e9gi\u00e9 pour rechercher, \u00e0 chaque occasion, le \u00ab\u00a0<mark style=\"background-color:rgba(0, 0, 0, 0)\" class=\"has-inline-color has-theme-palette-8-color\">gagnant-gagnant<\/mark>\u00a0\u00bb, pour les salari\u00e9s comme pour l&rsquo;entreprise, qui est elle-m\u00eame consid\u00e9r\u00e9e comme un bien commun. Lisez le <a href=\"https:\/\/www.cftc.fr\/projet-cftc\/\">projet CFTC<\/a> pour en savoir plus.<\/p>\n\n\n\n<p>Le syndicat CFTC a \u00e9t\u00e9 cr\u00e9\u00e9 en 1919 par des femmes et les valeurs d&rsquo;inspiration chr\u00e9tienne qu&rsquo;il promeut sont toujours d&rsquo;actualit\u00e9 :<\/p>\n\n\n\n<figure class=\"wp-block-image size-large\"><a href=\"https:\/\/cftc-ads.fr\/wp-content\/uploads\/2025\/06\/2023-10-Nos-VALEURS-scaled.png\"><img loading=\"lazy\" decoding=\"async\" width=\"1024\" height=\"724\" src=\"https:\/\/cftc-ads.fr\/wp-content\/uploads\/2025\/06\/2023-10-Nos-VALEURS-1024x724.png\" alt=\"\" class=\"wp-image-188\" srcset=\"https:\/\/cftc-ads.fr\/wp-content\/uploads\/2025\/06\/2023-10-Nos-VALEURS-1024x724.png 1024w, https:\/\/cftc-ads.fr\/wp-content\/uploads\/2025\/06\/2023-10-Nos-VALEURS-300x212.png 300w, https:\/\/cftc-ads.fr\/wp-content\/uploads\/2025\/06\/2023-10-Nos-VALEURS-768x543.png 768w, https:\/\/cftc-ads.fr\/wp-content\/uploads\/2025\/06\/2023-10-Nos-VALEURS-1536x1086.png 1536w, https:\/\/cftc-ads.fr\/wp-content\/uploads\/2025\/06\/2023-10-Nos-VALEURS-2048x1448.png 2048w\" sizes=\"auto, (max-width: 1024px) 100vw, 1024px\" \/><\/a><\/figure>\n\n\n\n<p>Vos mandat\u00e9s sont engag\u00e9s :<\/p>\n\n\n\n<ul class=\"wp-block-list\">\n<li>Pour d\u00e9fendre et conseiller tous les coll\u00e8gues<\/li>\n\n\n\n<li>Pour faire respecter la loi<\/li>\n\n\n\n<li>Pour b\u00e2tir l\u2019environnement social des travailleurs<\/li>\n\n\n\n<li>Pour faire grandir le syndicalisme constructif<\/li>\n<\/ul>\n\n\n\n<p><\/p>\n","protected":false},"excerpt":{"rendered":"<p>La CFTC est un syndicat de dialogue, c&rsquo;est est un outil privil\u00e9gi\u00e9 pour rechercher, \u00e0 chaque occasion, le \u00ab\u00a0gagnant-gagnant\u00a0\u00bb, pour les salari\u00e9s comme pour l&rsquo;entreprise, qui est elle-m\u00eame consid\u00e9r\u00e9e comme un bien commun. Lisez le projet CFTC pour en savoir plus. Le syndicat CFTC a \u00e9t\u00e9 cr\u00e9\u00e9 en 1919 par des femmes et les valeurs&#8230;<\/p>\n","protected":false},"author":1,"featured_media":0,"parent":0,"menu_order":0,"comment_status":"closed","ping_status":"open","template":"","meta":{"_kad_post_transparent":"","_kad_post_title":"","_kad_post_layout":"","_kad_post_sidebar_id":"","_kad_post_content_style":"","_kad_post_vertical_padding":"","_kad_post_feature":"","_kad_post_feature_position":"","_kad_post_header":false,"_kad_post_footer":false,"footnotes":""},"class_list":["post-2","page","type-page","status-publish","hentry"],"jetpack_sharing_enabled":true,"_links":{"self":[{"href":"https:\/\/cftc-ads.fr\/index.php?rest_route=\/wp\/v2\/pages\/2","targetHints":{"allow":["GET"]}}],"collection":[{"href":"https:\/\/cftc-ads.fr\/index.php?rest_route=\/wp\/v2\/pages"}],"about":[{"href":"https:\/\/cftc-ads.fr\/index.php?rest_route=\/wp\/v2\/types\/page"}],"author":[{"embeddable":true,"href":"https:\/\/cftc-ads.fr\/index.php?rest_route=\/wp\/v2\/users\/1"}],"replies":[{"embeddable":true,"href":"https:\/\/cftc-ads.fr\/index.php?rest_route=%2Fwp%2Fv2%2Fcomments&post=2"}],"version-history":[{"count":10,"href":"https:\/\/cftc-ads.fr\/index.php?rest_route=\/wp\/v2\/pages\/2\/revisions"}],"predecessor-version":[{"id":328,"href":"https:\/\/cftc-ads.fr\/index.php?rest_route=\/wp\/v2\/pages\/2\/revisions\/328"}],"wp:attachment":[{"href":"https:\/\/cftc-ads.fr\/index.php?rest_route=%2Fwp%2Fv2%2Fmedia&parent=2"}],"curies":[{"name":"wp","href":"https:\/\/api.w.org\/{rel}","templated":true}]}}